{"id":6,"date":"2020-05-03T12:47:48","date_gmt":"2020-05-03T12:47:48","guid":{"rendered":"http:\/\/conscripta.de\/?page_id=6"},"modified":"2020-05-03T12:57:01","modified_gmt":"2020-05-03T12:57:01","slug":"datenschutz","status":"publish","type":"page","link":"http:\/\/conscripta.de\/?page_id=6","title":{"rendered":"Datenschutz"},"content":{"rendered":"\n<p>Wir freuen uns \u00fcber Ihren Besuch auf unserer Web-Site und \u00fcber Ihr Interesse an uns. Wir nehmen den Schutz Ihrer pers\u00f6nlichen Daten ernst und m\u00f6chten, dass Sie sich beim Besuch unserer Internet-Seiten sicher und wohl f\u00fchlen.<\/p>\n\n\n\n<p>Erhebung und Verarbeitung pers\u00f6nlicher Daten. In der Regel k\u00f6nnen Sie unsere Seiten besuchen, ohne dass pers\u00f6nliche Daten von Ihnen ben\u00f6tigt werden. Pers\u00f6nliche Daten werden nur dann erhoben, wenn Sie diese von sich aus im Rahmen der Abwicklung Ihrer Anfrage angeben.<\/p>\n\n\n\n<p>Nutzung und Weitergabe pers\u00f6nlicher Daten und Zweckbindung. Alle im Rahmen unserer Internetdirektdienste anfallenden personenbezogenen Daten werden entsprechend den jeweils geltenden Vorschriften zum Schutz personenbezogener Daten, nur zum Zweck der Vertragsabwicklung und zur Wahrung berechtigter eigener Gesch\u00e4ftsinteressen im Hinblick auf die Anfragenabwicklung unserer Kunden und Interessenten erhoben, verarbeitet und genutzt.<\/p>\n\n\n\n<p>Daten werden insbesondere nicht zu Werbezwecken verwandt.<\/p>\n\n\n\n<p>Auskunftsrecht und \u00f6ffentliches Verfahrensverzeichnis. Auf schriftliche Anforderung teilen wir Ihnen schriftlich entsprechend dem geltenden Recht mit, ob und welche pers\u00f6nlichen Daten \u00fcber Sie bei uns gespeichert sind. In unserem \u00f6ffentlichen Verfahrensverzeichnis haben wir die Angaben nach \u00a7 4e BDSG zusammengefasst.<\/p>\n\n\n\n<p>Sicherheit. Wir setzen technische und organisatorische Sicherungsma\u00dfnahmen ein, um Ihre zur Verf\u00fcgung gestellten Daten durch zuf\u00e4llige oder vors\u00e4tzliche Manipulationen, Verlust, Zerst\u00f6rung oder den Zugriff unberechtigter Personen zu sch\u00fctzen. Unsere Sicherheitsma\u00dfnahmen werden der technologischen Entwicklung angemessen fortlaufend verbessert.<\/p>\n\n\n\n<p>Anfragen bez\u00fcglich des Datenschutzes. Wenn Sie Fragen hinsichtlich der Verarbeitung Ihrer pers\u00f6nlichen Daten haben, k\u00f6nnen Sie sich direkt an uns wenden:<\/p>\n\n\n\n<div class=\"wp-block-group\"><div class=\"wp-block-group__inner-container is-layout-flow wp-block-group-is-layout-flow\">\n<p>Catharina Stengel<br>Osterwechtern 67<br>21732 Krummendeich<br>mail@conscripta.de<\/p>\n\n\n\n<p><br><\/p>\n\n\n\n<p><\/p>\n<\/div><\/div>\n\n\n\n<p><br><\/p>\n\n\n\n<p><\/p>\n\n\n\n<p><\/p>\n\n\n\n<p><\/p>\n\n\n\n<p><\/p>\n","protected":false},"excerpt":{"rendered":"<p>Wir freuen uns \u00fcber Ihren Besuch auf unserer Web-Site und \u00fcber Ihr Interesse an uns. Wir nehmen den Schutz Ihrer pers\u00f6nlichen Daten ernst und m\u00f6chten, dass Sie sich beim Besuch unserer Internet-Seiten sicher und wohl f\u00fchlen. Erhebung und Verarbeitung pers\u00f6nlicher &hellip; <a href=\"http:\/\/conscripta.de\/?page_id=6\">Weiterlesen <span class=\"meta-nav\">&rarr;<\/span><\/a><\/p>\n","protected":false},"author":1,"featured_media":0,"parent":0,"menu_order":0,"comment_status":"closed","ping_status":"closed","template":"","meta":{"footnotes":""},"_links":{"self":[{"href":"http:\/\/conscripta.de\/index.php?rest_route=\/wp\/v2\/pages\/6"}],"collection":[{"href":"http:\/\/conscripta.de\/index.php?rest_route=\/wp\/v2\/pages"}],"about":[{"href":"http:\/\/conscripta.de\/index.php?rest_route=\/wp\/v2\/types\/page"}],"author":[{"embeddable":true,"href":"http:\/\/conscripta.de\/index.php?rest_route=\/wp\/v2\/users\/1"}],"replies":[{"embeddable":true,"href":"http:\/\/conscripta.de\/index.php?rest_route=%2Fwp%2Fv2%2Fcomments&post=6"}],"version-history":[{"count":1,"href":"http:\/\/conscripta.de\/index.php?rest_route=\/wp\/v2\/pages\/6\/revisions"}],"predecessor-version":[{"id":8,"href":"http:\/\/conscripta.de\/index.php?rest_route=\/wp\/v2\/pages\/6\/revisions\/8"}],"wp:attachment":[{"href":"http:\/\/conscripta.de\/index.php?rest_route=%2Fwp%2Fv2%2Fmedia&parent=6"}],"curies":[{"name":"wp","href":"https:\/\/api.w.org\/{rel}","templated":true}]}}