{"id":4,"date":"2020-05-03T12:57:59","date_gmt":"2020-05-03T12:57:59","guid":{"rendered":"http:\/\/conscripta.de\/?page_id=4"},"modified":"2020-05-03T12:57:59","modified_gmt":"2020-05-03T12:57:59","slug":"impressum","status":"publish","type":"page","link":"http:\/\/conscripta.de\/?page_id=4","title":{"rendered":"Impressum"},"content":{"rendered":"\n<p>Catharina Stengel<br>Osterwechtern 67<br>21732 Krummendeich<br>E-Mail: mail@conscripta.de<br><br>Inhaltlich verantwortlich: Catharina Stengel<br><br>Haftungshinweis: Trotz sorgf\u00e4ltiger inhaltlicher Kontrolle \u00fcbernehmen wir keine Haftung f\u00fcr die Inhalte externer Links. F\u00fcr die Inhalte der von uns verwiesenen Seiten sind ausschlie\u00dflich deren Betreiber verantwortlich. Diese Erkl\u00e4rung gilt f\u00fcr alle auf unserer Homepage angezeigten Verweise und f\u00fcr alle Inhalte der Seiten, zu denen bei uns sichtbare Links, Buttons und Verweise f\u00fchren.<\/p>\n\n\n\n<p><\/p>\n\n\n\n<p><\/p>\n\n\n\n<p><\/p>\n\n\n\n<p><\/p>\n","protected":false},"excerpt":{"rendered":"<p>Catharina StengelOsterwechtern 6721732 KrummendeichE-Mail: mail@conscripta.de Inhaltlich verantwortlich: Catharina Stengel Haftungshinweis: Trotz sorgf\u00e4ltiger inhaltlicher Kontrolle \u00fcbernehmen wir keine Haftung f\u00fcr die Inhalte externer Links. F\u00fcr die Inhalte der von uns verwiesenen Seiten sind ausschlie\u00dflich deren Betreiber verantwortlich. Diese Erkl\u00e4rung gilt f\u00fcr &hellip; <a href=\"http:\/\/conscripta.de\/?page_id=4\">Weiterlesen <span class=\"meta-nav\">&rarr;<\/span><\/a><\/p>\n","protected":false},"author":1,"featured_media":0,"parent":0,"menu_order":0,"comment_status":"closed","ping_status":"closed","template":"","meta":{"footnotes":""},"_links":{"self":[{"href":"http:\/\/conscripta.de\/index.php?rest_route=\/wp\/v2\/pages\/4"}],"collection":[{"href":"http:\/\/conscripta.de\/index.php?rest_route=\/wp\/v2\/pages"}],"about":[{"href":"http:\/\/conscripta.de\/index.php?rest_route=\/wp\/v2\/types\/page"}],"author":[{"embeddable":true,"href":"http:\/\/conscripta.de\/index.php?rest_route=\/wp\/v2\/users\/1"}],"replies":[{"embeddable":true,"href":"http:\/\/conscripta.de\/index.php?rest_route=%2Fwp%2Fv2%2Fcomments&post=4"}],"version-history":[{"count":1,"href":"http:\/\/conscripta.de\/index.php?rest_route=\/wp\/v2\/pages\/4\/revisions"}],"predecessor-version":[{"id":5,"href":"http:\/\/conscripta.de\/index.php?rest_route=\/wp\/v2\/pages\/4\/revisions\/5"}],"wp:attachment":[{"href":"http:\/\/conscripta.de\/index.php?rest_route=%2Fwp%2Fv2%2Fmedia&parent=4"}],"curies":[{"name":"wp","href":"https:\/\/api.w.org\/{rel}","templated":true}]}}