{"id":19,"date":"2020-05-03T12:59:10","date_gmt":"2020-05-03T12:59:10","guid":{"rendered":"http:\/\/conscripta.de\/?page_id=19"},"modified":"2024-02-27T19:51:36","modified_gmt":"2024-02-27T19:51:36","slug":"das-ergebnis","status":"publish","type":"page","link":"http:\/\/conscripta.de\/?page_id=19","title":{"rendered":"Das Ergebnis"},"content":{"rendered":"\n<p>Vereinfachte und leichtere Bearbeitung und Abarbeitung der B\u00fcrot\u00e4tigkeiten, weniger Stress, mehr Zeit f\u00fcr die Hauptt\u00e4tigkeit.<\/p>\n\n\n\n<p>Gr\u00f6\u00dfere Zufriedenheit, entspannteres Verh\u00e4ltnis zu administrativen Aufgaben.<\/p>\n","protected":false},"excerpt":{"rendered":"<p>Vereinfachte und leichtere Bearbeitung und Abarbeitung der B\u00fcrot\u00e4tigkeiten, weniger Stress, mehr Zeit f\u00fcr die Hauptt\u00e4tigkeit. Gr\u00f6\u00dfere Zufriedenheit, entspannteres Verh\u00e4ltnis zu administrativen Aufgaben.<\/p>\n","protected":false},"author":1,"featured_media":0,"parent":0,"menu_order":0,"comment_status":"closed","ping_status":"closed","template":"","meta":{"footnotes":""},"_links":{"self":[{"href":"http:\/\/conscripta.de\/index.php?rest_route=\/wp\/v2\/pages\/19"}],"collection":[{"href":"http:\/\/conscripta.de\/index.php?rest_route=\/wp\/v2\/pages"}],"about":[{"href":"http:\/\/conscripta.de\/index.php?rest_route=\/wp\/v2\/types\/page"}],"author":[{"embeddable":true,"href":"http:\/\/conscripta.de\/index.php?rest_route=\/wp\/v2\/users\/1"}],"replies":[{"embeddable":true,"href":"http:\/\/conscripta.de\/index.php?rest_route=%2Fwp%2Fv2%2Fcomments&post=19"}],"version-history":[{"count":4,"href":"http:\/\/conscripta.de\/index.php?rest_route=\/wp\/v2\/pages\/19\/revisions"}],"predecessor-version":[{"id":56,"href":"http:\/\/conscripta.de\/index.php?rest_route=\/wp\/v2\/pages\/19\/revisions\/56"}],"wp:attachment":[{"href":"http:\/\/conscripta.de\/index.php?rest_route=%2Fwp%2Fv2%2Fmedia&parent=19"}],"curies":[{"name":"wp","href":"https:\/\/api.w.org\/{rel}","templated":true}]}}