{"id":15,"date":"2020-05-03T12:58:10","date_gmt":"2020-05-03T12:58:10","guid":{"rendered":"http:\/\/conscripta.de\/?page_id=15"},"modified":"2024-04-08T13:06:37","modified_gmt":"2024-04-08T13:06:37","slug":"das-problem","status":"publish","type":"page","link":"http:\/\/conscripta.de\/?page_id=15","title":{"rendered":"Das Problem"},"content":{"rendered":"\n<p> <p class=\"MsoNormal\">Ohne Zweifel ist der Anteil des b\u00fcrokratischen Aufwands in Handwerk, Einzelhandel und vielen anderen Bereichen seit Jahren gestiegen. B\u00fcrot\u00e4tigkeiten und administrative Aufgaben  nehmen einen immer gr\u00f6\u00dferen Raum im Arbeitsgeschehen ein. <\/p><p class=\"MsoNormal\">Das Problem bei B\u00fcroarbeiten ist dabei oftmals auch, dass sie als Gegensatz zu handwerklicher oder sch\u00f6pferischer\/kreativer T\u00e4tigkeit gesehen werden. &#8222;Der Schreib- oder B\u00fcrokram&#8220; hat von vornherein einen schlechten Ruf.<\/p><p class=\"MsoNormal\">Immer mehr Zeit muss f\u00fcr gef\u00fchlt &#8222;unproduktive&#8220; T\u00e4tigkeiten eingeplant werden. Der technische Fortschritt erleichtert \u2013 angeblich \u2013 einige oder einiges davon, aber das stimmt nur bedingt. Denn auch die Einarbeitung in die verschiedenen Systeme erfordert zuerst einmal wieder Zeit, die dann zumeist an anderer Stelle fehlt.<\/p><\/p>\n\n\n\n<p><\/p>\n","protected":false},"excerpt":{"rendered":"<p>Ohne Zweifel ist der Anteil des b\u00fcrokratischen Aufwands in Handwerk, Einzelhandel und vielen anderen Bereichen seit Jahren gestiegen. B\u00fcrot\u00e4tigkeiten und administrative Aufgaben nehmen einen immer gr\u00f6\u00dferen Raum im Arbeitsgeschehen ein. Das Problem bei B\u00fcroarbeiten ist dabei oftmals auch, dass sie &hellip; <a href=\"http:\/\/conscripta.de\/?page_id=15\">Weiterlesen <span class=\"meta-nav\">&rarr;<\/span><\/a><\/p>\n","protected":false},"author":1,"featured_media":0,"parent":0,"menu_order":0,"comment_status":"closed","ping_status":"closed","template":"","meta":{"footnotes":""},"_links":{"self":[{"href":"http:\/\/conscripta.de\/index.php?rest_route=\/wp\/v2\/pages\/15"}],"collection":[{"href":"http:\/\/conscripta.de\/index.php?rest_route=\/wp\/v2\/pages"}],"about":[{"href":"http:\/\/conscripta.de\/index.php?rest_route=\/wp\/v2\/types\/page"}],"author":[{"embeddable":true,"href":"http:\/\/conscripta.de\/index.php?rest_route=\/wp\/v2\/users\/1"}],"replies":[{"embeddable":true,"href":"http:\/\/conscripta.de\/index.php?rest_route=%2Fwp%2Fv2%2Fcomments&post=15"}],"version-history":[{"count":5,"href":"http:\/\/conscripta.de\/index.php?rest_route=\/wp\/v2\/pages\/15\/revisions"}],"predecessor-version":[{"id":60,"href":"http:\/\/conscripta.de\/index.php?rest_route=\/wp\/v2\/pages\/15\/revisions\/60"}],"wp:attachment":[{"href":"http:\/\/conscripta.de\/index.php?rest_route=%2Fwp%2Fv2%2Fmedia&parent=15"}],"curies":[{"name":"wp","href":"https:\/\/api.w.org\/{rel}","templated":true}]}}