{"id":11,"date":"2020-05-03T12:49:36","date_gmt":"2020-05-03T12:49:36","guid":{"rendered":"http:\/\/conscripta.de\/?page_id=11"},"modified":"2024-02-27T19:52:48","modified_gmt":"2024-02-27T19:52:48","slug":"conscripta","status":"publish","type":"page","link":"http:\/\/conscripta.de\/","title":{"rendered":"conscripta"},"content":{"rendered":"\n<p><br><br><\/p>\n\n\n\n<p>B\u00fcro- und Administrationst\u00e4tigkeiten macht kaum jemand gerne. Es gibt ein paar Auserw\u00e4hlte, aber f\u00fcr die meisten Menschen ist es eine l\u00e4stige Aufgabe, die sich zur un\u00fcberwindlichen H\u00fcrde aufbauen kann.<\/p>\n\n\n\n<p>Das l\u00e4sst sich mit einigen geschickten Ver\u00e4nderungen in der Organisation und im Ablauf \u00e4ndern.<\/p>\n\n\n\n<p>Sie werden die Arbeit hinterher wahrscheinlich immer noch nicht lieben, aber sie wird nicht mehr schrecklich sein und nur noch einen Bruchteil Ihrer Zeit beanspruchen.<\/p>\n","protected":false},"excerpt":{"rendered":"<p>B\u00fcro- und Administrationst\u00e4tigkeiten macht kaum jemand gerne. Es gibt ein paar Auserw\u00e4hlte, aber f\u00fcr die meisten Menschen ist es eine l\u00e4stige Aufgabe, die sich zur un\u00fcberwindlichen H\u00fcrde aufbauen kann. Das l\u00e4sst sich mit einigen geschickten Ver\u00e4nderungen in der Organisation und &hellip; <a href=\"http:\/\/conscripta.de\/\">Weiterlesen <span class=\"meta-nav\">&rarr;<\/span><\/a><\/p>\n","protected":false},"author":1,"featured_media":0,"parent":0,"menu_order":0,"comment_status":"closed","ping_status":"closed","template":"","meta":{"footnotes":""},"_links":{"self":[{"href":"http:\/\/conscripta.de\/index.php?rest_route=\/wp\/v2\/pages\/11"}],"collection":[{"href":"http:\/\/conscripta.de\/index.php?rest_route=\/wp\/v2\/pages"}],"about":[{"href":"http:\/\/conscripta.de\/index.php?rest_route=\/wp\/v2\/types\/page"}],"author":[{"embeddable":true,"href":"http:\/\/conscripta.de\/index.php?rest_route=\/wp\/v2\/users\/1"}],"replies":[{"embeddable":true,"href":"http:\/\/conscripta.de\/index.php?rest_route=%2Fwp%2Fv2%2Fcomments&post=11"}],"version-history":[{"count":5,"href":"http:\/\/conscripta.de\/index.php?rest_route=\/wp\/v2\/pages\/11\/revisions"}],"predecessor-version":[{"id":57,"href":"http:\/\/conscripta.de\/index.php?rest_route=\/wp\/v2\/pages\/11\/revisions\/57"}],"wp:attachment":[{"href":"http:\/\/conscripta.de\/index.php?rest_route=%2Fwp%2Fv2%2Fmedia&parent=11"}],"curies":[{"name":"wp","href":"https:\/\/api.w.org\/{rel}","templated":true}]}}